{"id":864,"date":"2025-10-30T15:24:54","date_gmt":"2025-10-30T14:24:54","guid":{"rendered":"https:\/\/pardalys.fr\/esat-handivaldeseine-78\/?page_id=864"},"modified":"2026-02-06T15:57:52","modified_gmt":"2026-02-06T14:57:52","slug":"sous-traitance-industrielle","status":"publish","type":"page","link":"https:\/\/pardalys.fr\/esat-handivaldeseine-78\/nos-activites\/sous-traitance-industrielle\/","title":{"rendered":"Sous Traitance Industrielle"},"content":{"rendered":"<p>[et_pb_section fb_built=\u00a0\u00bb1&Prime; admin_label=\u00a0\u00bbHeader\u00a0\u00bb _builder_version=\u00a0\u00bb4.27.4&Prime; _module_preset=\u00a0\u00bbdefault\u00a0\u00bb background_color=\u00a0\u00bb#005686&Prime; overflow-x=\u00a0\u00bbhidden\u00a0\u00bb overflow-y=\u00a0\u00bbhidden\u00a0\u00bb custom_margin=\u00a0\u00bb2px|30px|2px|30px|true|true\u00a0\u00bb custom_padding=\u00a0\u00bb0px||0px|||\u00a0\u00bb border_radii=\u00a0\u00bbon|10px|10px|10px|10px\u00a0\u00bb locked=\u00a0\u00bboff\u00a0\u00bb collapsed=\u00a0\u00bbon\u00a0\u00bb global_colors_info=\u00a0\u00bb{%22gcid-fc7b31e8-94d8-4560-b647-c33fa43cc805%22:%91%22background_color%22,%22background_color%22,%22background_color%22,%22background_color%22,%22background_color%22,%22background_color%22%93}\u00a0\u00bb][et_pb_row column_structure=\u00a0\u00bb1_2,1_2&Prime; make_equal=\u00a0\u00bbon\u00a0\u00bb _builder_version=\u00a0\u00bb4.27.5&Prime; _module_preset=\u00a0\u00bbdefault\u00a0\u00bb width=\u00a0\u00bb100%\u00a0\u00bb max_width=\u00a0\u00bb1102px\u00a0\u00bb custom_padding=\u00a0\u00bb0px||0px||true|false\u00a0\u00bb hover_enabled=\u00a0\u00bb0&Prime; global_colors_info=\u00a0\u00bb{}\u00a0\u00bb width_last_edited=\u00a0\u00bbon|phone\u00a0\u00bb width_phone=\u00a0\u00bb91%\u00a0\u00bb sticky_enabled=\u00a0\u00bb0&Prime; width_tablet=\u00a0\u00bb100%\u00a0\u00bb][et_pb_column type=\u00a0\u00bb1_2&Prime; _builder_version=\u00a0\u00bb4.22.0&Prime; _module_preset=\u00a0\u00bbdefault\u00a0\u00bb custom_padding=\u00a0\u00bb6vw||6vw||true|false\u00a0\u00bb global_colors_info=\u00a0\u00bb{}\u00a0\u00bb][et_pb_text _builder_version=\u00a0\u00bb4.27.4&Prime; _module_preset=\u00a0\u00bbda1963d7-c86b-4d2c-b262-e7636fbc0158&Prime; header_4_font=\u00a0\u00bb&#8211;et_global_body_font|700||on|||||\u00a0\u00bb header_4_text_color=\u00a0\u00bb#FFFFFF\u00a0\u00bb locked=\u00a0\u00bboff\u00a0\u00bb global_colors_info=\u00a0\u00bb{}\u00a0\u00bb]<\/p>\n<h4>Handi Val de Seine<\/h4>\n<p>[\/et_pb_text][et_pb_text _builder_version=\u00a0\u00bb4.27.4&Prime; _module_preset=\u00a0\u00bb33ae0f1e-7329-4272-9c31-9a1cf32b10bf\u00a0\u00bb header_font=\u00a0\u00bb&#8211;et_global_body_font|200|||||||\u00a0\u00bb header_text_color=\u00a0\u00bb#FFFFFF\u00a0\u00bb header_font_size=\u00a0\u00bb49px\u00a0\u00bb custom_margin=\u00a0\u00bb||10px||false|false\u00a0\u00bb locked=\u00a0\u00bboff\u00a0\u00bb global_colors_info=\u00a0\u00bb{}\u00a0\u00bb]<\/p>\n<div id=\"bgLayers_comp-lom1rft4\" data-hook=\"bgLayers\" data-motion-part=\"BG_LAYER comp-lom1rft4\" class=\"MW5IWV\">\n<h1 id=\"bgMedia_comp-lom1rft4\" data-motion-part=\"BG_MEDIA comp-lom1rft4\" class=\"VgO9Yg\"><\/h1>\n<\/div>\n<div data-mesh-id=\"comp-lom1rft4inlineContent\" data-testid=\"inline-content\" class=\"\">\n<div data-mesh-id=\"comp-lom1rft4inlineContent-gridContainer\" data-testid=\"mesh-container-content\">\n<div id=\"WRchTxt1\" class=\"Z_l5lU MMl86N zQ9jDz qvSjx3 Vq6kJx WRchTxt1 wixui-rich-text\" data-testid=\"richTextElement\">\n<h1 class=\"font_2 wixui-rich-text__text\">SOUS TRAITANCE INDUSTRIELLE<\/h1>\n<\/div>\n<\/div>\n<\/div>\n<p>[\/et_pb_text][et_pb_text _builder_version=\u00a0\u00bb4.27.4&Prime; _module_preset=\u00a0\u00bbead1cd9f-7da5-4d94-8055-f56bca88a9b2&Prime; text_font=\u00a0\u00bb&#8211;et_global_body_font||||||||\u00a0\u00bb text_text_color=\u00a0\u00bb#FFFFFF\u00a0\u00bb locked=\u00a0\u00bboff\u00a0\u00bb global_colors_info=\u00a0\u00bb{}\u00a0\u00bb]<\/p>\n<div id=\"bgLayers_comp-lom1rfwg\" data-hook=\"bgLayers\" data-motion-part=\"BG_LAYER comp-lom1rfwg\" class=\"MW5IWV\">\n<p id=\"bgMedia_comp-lom1rfwg\" data-motion-part=\"BG_MEDIA comp-lom1rfwg\" class=\"VgO9Yg\">Une \u00e9quipe de professionnels \u00e0 votre service<\/p>\n<\/div>\n<p>[\/et_pb_text][et_pb_button button_url=\u00a0\u00bb#bas\u00a0\u00bb button_text=\u00a0\u00bbNous contacter\u00a0\u00bb _builder_version=\u00a0\u00bb4.27.4&Prime; _module_preset=\u00a0\u00bb87f43398-57da-4880-96c5-d7a47101176a\u00a0\u00bb button_text_color=\u00a0\u00bb#005686&Prime; button_border_width=\u00a0\u00bb0px\u00a0\u00bb button_border_color=\u00a0\u00bb#A3D063&Prime; button_border_radius=\u00a0\u00bb3px\u00a0\u00bb button_letter_spacing=\u00a0\u00bb0em\u00a0\u00bb button_font=\u00a0\u00bb&#8211;et_global_body_font|200||on|||||\u00a0\u00bb box_shadow_style=\u00a0\u00bbnone\u00a0\u00bb locked=\u00a0\u00bboff\u00a0\u00bb global_colors_info=\u00a0\u00bb{}\u00a0\u00bb][\/et_pb_button][\/et_pb_column][et_pb_column type=\u00a0\u00bb1_2&Prime; _builder_version=\u00a0\u00bb4.22.0&Prime; _module_preset=\u00a0\u00bbdefault\u00a0\u00bb border_radii_tablet=\u00a0\u00bboff|10px|10px||\u00a0\u00bb border_radii_phone=\u00a0\u00bboff|10px|10px||\u00a0\u00bb border_radii_last_edited=\u00a0\u00bbon|tablet\u00a0\u00bb global_colors_info=\u00a0\u00bb{}\u00a0\u00bb][\/et_pb_column][\/et_pb_row][\/et_pb_section][et_pb_section fb_built=\u00a0\u00bb1&Prime; _builder_version=\u00a0\u00bb4.27.4&Prime; _module_preset=\u00a0\u00bbdefault\u00a0\u00bb custom_padding=\u00a0\u00bb0px||27px|||\u00a0\u00bb global_colors_info=\u00a0\u00bb{}\u00a0\u00bb][et_pb_row _builder_version=\u00a0\u00bb4.27.4&Prime; _module_preset=\u00a0\u00bbdefault\u00a0\u00bb global_colors_info=\u00a0\u00bb{}\u00a0\u00bb][et_pb_column type=\u00a0\u00bb4_4&Prime; _builder_version=\u00a0\u00bb4.27.4&Prime; _module_preset=\u00a0\u00bbdefault\u00a0\u00bb global_colors_info=\u00a0\u00bb{}\u00a0\u00bb][et_pb_text _builder_version=\u00a0\u00bb4.27.4&Prime; _module_preset=\u00a0\u00bb3e33e889-c7d2-4320-a6ac-836849ff8b23&Prime; header_2_font=\u00a0\u00bb&#8211;et_global_body_font|200|||||||\u00a0\u00bb header_2_text_align=\u00a0\u00bbcenter\u00a0\u00bb header_2_font_size=\u00a0\u00bb29px\u00a0\u00bb header_2_line_height=\u00a0\u00bb1.3em\u00a0\u00bb locked=\u00a0\u00bboff\u00a0\u00bb global_colors_info=\u00a0\u00bb{}\u00a0\u00bb]<\/p>\n<h2>Avec ses 200 m\u00b2 d\u2019atelier, 300 m\u00b3 de stockage notre P\u00f4le ESAT accueille vos demandes de sous-traitance de petites, moyennes et grandes s\u00e9ries.<\/h2>\n<p>[\/et_pb_text][\/et_pb_column][\/et_pb_row][et_pb_row column_structure=\u00a0\u00bb1_2,1_2&Prime; module_id=\u00a0\u00bbbas\u00a0\u00bb _builder_version=\u00a0\u00bb4.27.4&Prime; _module_preset=\u00a0\u00bbdefault\u00a0\u00bb global_colors_info=\u00a0\u00bb{}\u00a0\u00bb][et_pb_column type=\u00a0\u00bb1_2&Prime; _builder_version=\u00a0\u00bb4.27.4&Prime; _module_preset=\u00a0\u00bbdefault\u00a0\u00bb global_colors_info=\u00a0\u00bb{}\u00a0\u00bb][et_pb_text _builder_version=\u00a0\u00bb4.27.4&Prime; _module_preset=\u00a0\u00bb3e33e889-c7d2-4320-a6ac-836849ff8b23&Prime; header_2_font=\u00a0\u00bb&#8211;et_global_body_font|700|||||||\u00a0\u00bb header_2_text_align=\u00a0\u00bbleft\u00a0\u00bb header_2_text_color=\u00a0\u00bb#005686&Prime; header_2_font_size=\u00a0\u00bb30px\u00a0\u00bb header_2_line_height=\u00a0\u00bb1.3em\u00a0\u00bb custom_margin=\u00a0\u00bb||10px|||\u00a0\u00bb locked=\u00a0\u00bboff\u00a0\u00bb global_colors_info=\u00a0\u00bb{}\u00a0\u00bb]<\/p>\n<h2>NOS PRESTATIONS<\/h2>\n<p>[\/et_pb_text][et_pb_text _builder_version=\u00a0\u00bb4.27.4&Prime; _module_preset=\u00a0\u00bbdefault\u00a0\u00bb text_font_size=\u00a0\u00bb16px\u00a0\u00bb global_colors_info=\u00a0\u00bb{}\u00a0\u00bb]<\/p>\n<ul>\n<li>Fa\u00e7onnage, montage, collage, emballage<\/li>\n<li>Conditionnement : mise sous sachet ou carton, pi\u00e8ces m\u00e9caniques, \u00e9lectriques, plastiques<\/li>\n<li>Contr\u00f4le qualit\u00e9 visuel<\/li>\n<li>Assemblage de pi\u00e8ces d\u00e9tach\u00e9es<\/li>\n<li>Comptage, \u00e9tiquetage<\/li>\n<li>Mise sous film<\/li>\n<li>Constitution de lots ou de colis,<\/li>\n<li>Mise sur palettes, filmage, \u00e9tiquetage pour exp\u00e9dition<\/li>\n<\/ul>\n<p><strong>Exemple de nos prestations<\/strong><span> : <\/span>Intervention sur des boitiers de d\u00e9tection incendie, contr\u00f4le qualit\u00e9 visuelle de pi\u00e8ce, r\u00e9alisation de coffret cadeaux.<\/p>\n<p><strong><span style=\"font-size: large;\">Engag\u00e9s dans une d\u00e9marche \u00e9co-responsable, nous n&rsquo;utilisons aucun produit phytosanitaire.<\/span><\/strong><\/p>\n<p><a href=\"mailto:sebastien.maunand@hvs78.org\" target=\"_blank\" rel=\"noopener\">sebastien.maunand@hvs78.org<\/a><span> <\/span><\/p>\n<p><a href=\"mailto:mariepaule.behot@hvs78.org\" target=\"_blank\" rel=\"noopener\">mariepaule.behot@hvs78.org<\/a><span> <\/span><\/p>\n<p><a href=\"mailto:delphine.johan@hvs78.org\" target=\"_blank\" rel=\"noopener\">delphine.johan@hvs78.org<\/a><\/p>\n<p>&nbsp;<\/p>\n<p>[\/et_pb_text][\/et_pb_column][et_pb_column type=\u00a0\u00bb1_2&Prime; _builder_version=\u00a0\u00bb4.27.4&Prime; _module_preset=\u00a0\u00bbdefault\u00a0\u00bb global_colors_info=\u00a0\u00bb{}\u00a0\u00bb][et_pb_image src=\u00a0\u00bbhttps:\/\/pardalys.fr\/esat-handivaldeseine-78\/wp-content\/uploads\/sites\/30\/2025\/10\/sous-traitance-industrielle-2-scaled.png\u00a0\u00bb title_text=\u00a0\u00bb_sous traitance industrielle (2)\u00a0\u00bb _builder_version=\u00a0\u00bb4.27.4&Prime; _module_preset=\u00a0\u00bbdefault\u00a0\u00bb global_colors_info=\u00a0\u00bb{}\u00a0\u00bb][\/et_pb_image][\/et_pb_column][\/et_pb_row][\/et_pb_section]<\/p>\n","protected":false},"excerpt":{"rendered":"<p>Handi Val de Seine SOUS TRAITANCE INDUSTRIELLE Une \u00e9quipe de professionnels \u00e0 votre service Avec ses 200 m\u00b2 d\u2019atelier, 300 m\u00b3 de stockage notre P\u00f4le ESAT accueille vos demandes de sous-traitance de petites, moyennes et grandes s\u00e9ries.NOS PRESTATIONS Fa\u00e7onnage, montage, collage, emballage Conditionnement : mise sous sachet ou carton, pi\u00e8ces m\u00e9caniques, \u00e9lectriques, plastiques Contr\u00f4le qualit\u00e9 [&hellip;]<\/p>\n","protected":false},"author":4,"featured_media":0,"parent":17,"menu_order":0,"comment_status":"closed","ping_status":"closed","template":"","meta":{"_et_pb_use_builder":"on","_et_pb_old_content":"","_et_gb_content_width":"","footnotes":""},"class_list":["post-864","page","type-page","status-publish","hentry"],"_links":{"self":[{"href":"https:\/\/pardalys.fr\/esat-handivaldeseine-78\/wp-json\/wp\/v2\/pages\/864","targetHints":{"allow":["GET"]}}],"collection":[{"href":"https:\/\/pardalys.fr\/esat-handivaldeseine-78\/wp-json\/wp\/v2\/pages"}],"about":[{"href":"https:\/\/pardalys.fr\/esat-handivaldeseine-78\/wp-json\/wp\/v2\/types\/page"}],"author":[{"embeddable":true,"href":"https:\/\/pardalys.fr\/esat-handivaldeseine-78\/wp-json\/wp\/v2\/users\/4"}],"replies":[{"embeddable":true,"href":"https:\/\/pardalys.fr\/esat-handivaldeseine-78\/wp-json\/wp\/v2\/comments?post=864"}],"version-history":[{"count":9,"href":"https:\/\/pardalys.fr\/esat-handivaldeseine-78\/wp-json\/wp\/v2\/pages\/864\/revisions"}],"predecessor-version":[{"id":1580,"href":"https:\/\/pardalys.fr\/esat-handivaldeseine-78\/wp-json\/wp\/v2\/pages\/864\/revisions\/1580"}],"up":[{"embeddable":true,"href":"https:\/\/pardalys.fr\/esat-handivaldeseine-78\/wp-json\/wp\/v2\/pages\/17"}],"wp:attachment":[{"href":"https:\/\/pardalys.fr\/esat-handivaldeseine-78\/wp-json\/wp\/v2\/media?parent=864"}],"curies":[{"name":"wp","href":"https:\/\/api.w.org\/{rel}","templated":true}]}}